{"id":815,"date":"2019-09-20T15:28:53","date_gmt":"2019-09-20T13:28:53","guid":{"rendered":"https:\/\/vvit.eu\/?post_type=product&#038;p=815"},"modified":"2019-09-25T16:55:46","modified_gmt":"2019-09-25T14:55:46","slug":"varnostne-kopije-podatkov-v-oblak","status":"publish","type":"product","link":"https:\/\/vvit.eu\/en\/izdelek\/varnostne-kopije-podatkov-v-oblak\/","title":{"rendered":"Varnostne kopije podatkov v oblak"},"content":{"rendered":"","protected":false},"excerpt":{"rendered":"<p>Storitev vsebuje:<\/p>\n<ul>\n<li>Namestitev programa za zajem podatkov na eno napravo (ra\u010dunalnik ali <abbr class='c2c-text-hover' title='Stre\u017enik je ra\u010dunalnik mo\u010dnej\u0161ega tipa, ki slu\u017ei skupni hrambi podatkov ali poganjanju aplikacij, ki jih uporablja ve\u010d uporabnikov.'>stre\u017enik<\/abbr>)<\/li>\n<li>Hrambo zajetih podatkov v obla\u010dni shrambi<\/li>\n<li>Hrambo podatkov na dveh potresno lo\u010denih lokacijah v Evropi<\/li>\n<li>Preverjanje kvalitete <abbr class='c2c-text-hover' title='Varnostna kopija je kopija pomembnih podatkov, ki jih \u017eelite obvarovati, \u010detudi pride do katastrofi\u010dnega dogodka.'>varnostnih kopij<\/abbr> enkrat na dva meseca<\/li>\n<li>Svetovanje glede varnosti podatkov in odpornosti proti katastrofi\u010dnim dogodkom<\/li>\n<\/ul>\n<p>Navedena cena je cena storitve za prvi mesec. Z vsak naslednji mesec se cena dolo\u010di po koli\u010dini shranjenih podatkov <a href=\"https:\/\/vvit.eu\/varnostne-kopije-podatkov\/#cena\">(glej cenik)<\/a>.<\/p>\n","protected":false},"featured_media":911,"template":"","meta":{"_et_pb_use_builder":"","_et_pb_old_content":"","_et_gb_content_width":""},"product_cat":[36],"product_tag":[],"yoast_head":"<!-- This site is optimized with the Yoast SEO plugin v20.8 - https:\/\/yoast.com\/wordpress\/plugins\/seo\/ -->\n<title>Varnostne kopije podatkov v oblak - VVit<\/title>\n<meta name=\"robots\" content=\"index, follow, max-snippet:-1, max-image-preview:large, max-video-preview:-1\" \/>\n<link rel=\"canonical\" href=\"https:\/\/vvit.eu\/en\/izdelek\/varnostne-kopije-podatkov-v-oblak\/\" \/>\n<meta property=\"og:locale\" content=\"en_US\" \/>\n<meta property=\"og:type\" content=\"article\" \/>\n<meta property=\"og:title\" content=\"Varnostne kopije podatkov v oblak - VVit\" \/>\n<meta property=\"og:description\" content=\"Storitev vsebuje:   Namestitev programa za zajem podatkov na eno napravo (ra\u010dunalnik ali stre\u017enik)  Hrambo zajetih podatkov v obla\u010dni shrambi  Hrambo podatkov na dveh potresno lo\u010denih lokacijah v Evropi  Preverjanje kvalitete varnostnih kopij enkrat na dva meseca  Svetovanje glede varnosti podatkov in odpornosti proti katastrofi\u010dnim dogodkom  Navedena cena je cena storitve za prvi mesec. Z vsak naslednji mesec se cena dolo\u010di po koli\u010dini shranjenih podatkov (glej cenik).\" \/>\n<meta property=\"og:url\" content=\"https:\/\/vvit.eu\/en\/izdelek\/varnostne-kopije-podatkov-v-oblak\/\" \/>\n<meta property=\"og:site_name\" content=\"VVit\" \/>\n<meta property=\"article:publisher\" content=\"https:\/\/www.facebook.com\/vvit.eu\/\" \/>\n<meta property=\"article:modified_time\" content=\"2019-09-25T14:55:46+00:00\" \/>\n<meta property=\"og:image\" content=\"https:\/\/vvit.eu\/wp-content\/uploads\/Varnostne-kopije-podatkov-v-oblak.png\" \/>\n\t<meta property=\"og:image:width\" content=\"600\" \/>\n\t<meta property=\"og:image:height\" content=\"600\" \/>\n\t<meta property=\"og:image:type\" content=\"image\/png\" \/>\n<meta name=\"twitter:card\" content=\"summary_large_image\" \/>\n<meta name=\"twitter:site\" content=\"@vvit_eu\" \/>\n<script type=\"application\/ld+json\" class=\"yoast-schema-graph\">{\"@context\":\"https:\/\/schema.org\",\"@graph\":[{\"@type\":\"WebPage\",\"@id\":\"https:\/\/vvit.eu\/en\/izdelek\/varnostne-kopije-podatkov-v-oblak\/\",\"url\":\"https:\/\/vvit.eu\/en\/izdelek\/varnostne-kopije-podatkov-v-oblak\/\",\"name\":\"Varnostne kopije podatkov v oblak - VVit\",\"isPartOf\":{\"@id\":\"https:\/\/vvit.eu\/en\/#website\"},\"datePublished\":\"2019-09-20T13:28:53+00:00\",\"dateModified\":\"2019-09-25T14:55:46+00:00\",\"breadcrumb\":{\"@id\":\"https:\/\/vvit.eu\/en\/izdelek\/varnostne-kopije-podatkov-v-oblak\/#breadcrumb\"},\"inLanguage\":\"en-US\",\"potentialAction\":[{\"@type\":\"ReadAction\",\"target\":[\"https:\/\/vvit.eu\/en\/izdelek\/varnostne-kopije-podatkov-v-oblak\/\"]}]},{\"@type\":\"BreadcrumbList\",\"@id\":\"https:\/\/vvit.eu\/en\/izdelek\/varnostne-kopije-podatkov-v-oblak\/#breadcrumb\",\"itemListElement\":[{\"@type\":\"ListItem\",\"position\":1,\"name\":\"Home\",\"item\":\"https:\/\/vvit.eu\/en\/\"},{\"@type\":\"ListItem\",\"position\":2,\"name\":\"Trgovina\",\"item\":\"https:\/\/vvit.eu\/trgovina\/\"},{\"@type\":\"ListItem\",\"position\":3,\"name\":\"Varnostne kopije podatkov v oblak\"}]},{\"@type\":\"WebSite\",\"@id\":\"https:\/\/vvit.eu\/en\/#website\",\"url\":\"https:\/\/vvit.eu\/en\/\",\"name\":\"VVit\",\"description\":\"We do IT!\",\"publisher\":{\"@id\":\"https:\/\/vvit.eu\/en\/#organization\"},\"potentialAction\":[{\"@type\":\"SearchAction\",\"target\":{\"@type\":\"EntryPoint\",\"urlTemplate\":\"https:\/\/vvit.eu\/en\/?s={search_term_string}\"},\"query-input\":\"required name=search_term_string\"}],\"inLanguage\":\"en-US\"},{\"@type\":\"Organization\",\"@id\":\"https:\/\/vvit.eu\/en\/#organization\",\"name\":\"VVit, Robert Er\u017een s.p.\",\"url\":\"https:\/\/vvit.eu\/en\/\",\"logo\":{\"@type\":\"ImageObject\",\"inLanguage\":\"en-US\",\"@id\":\"https:\/\/vvit.eu\/en\/#\/schema\/logo\/image\/\",\"url\":\"https:\/\/vvit.eu\/wp-content\/uploads\/logo-final.png\",\"contentUrl\":\"https:\/\/vvit.eu\/wp-content\/uploads\/logo-final.png\",\"width\":500,\"height\":365,\"caption\":\"VVit, Robert Er\u017een s.p.\"},\"image\":{\"@id\":\"https:\/\/vvit.eu\/en\/#\/schema\/logo\/image\/\"},\"sameAs\":[\"https:\/\/www.facebook.com\/vvit.eu\/\",\"https:\/\/twitter.com\/vvit_eu\",\"https:\/\/www.instagram.com\/vvit.eu\/\"]}]}<\/script>\n<!-- \/ Yoast SEO plugin. -->","yoast_head_json":{"title":"Varnostne kopije podatkov v oblak - VVit","robots":{"index":"index","follow":"follow","max-snippet":"max-snippet:-1","max-image-preview":"max-image-preview:large","max-video-preview":"max-video-preview:-1"},"canonical":"https:\/\/vvit.eu\/en\/izdelek\/varnostne-kopije-podatkov-v-oblak\/","og_locale":"en_US","og_type":"article","og_title":"Varnostne kopije podatkov v oblak - VVit","og_description":"Storitev vsebuje:   Namestitev programa za zajem podatkov na eno napravo (ra\u010dunalnik ali stre\u017enik)  Hrambo zajetih podatkov v obla\u010dni shrambi  Hrambo podatkov na dveh potresno lo\u010denih lokacijah v Evropi  Preverjanje kvalitete varnostnih kopij enkrat na dva meseca  Svetovanje glede varnosti podatkov in odpornosti proti katastrofi\u010dnim dogodkom  Navedena cena je cena storitve za prvi mesec. Z vsak naslednji mesec se cena dolo\u010di po koli\u010dini shranjenih podatkov (glej cenik).","og_url":"https:\/\/vvit.eu\/en\/izdelek\/varnostne-kopije-podatkov-v-oblak\/","og_site_name":"VVit","article_publisher":"https:\/\/www.facebook.com\/vvit.eu\/","article_modified_time":"2019-09-25T14:55:46+00:00","og_image":[{"width":600,"height":600,"url":"https:\/\/vvit.eu\/wp-content\/uploads\/Varnostne-kopije-podatkov-v-oblak.png","type":"image\/png"}],"twitter_card":"summary_large_image","twitter_site":"@vvit_eu","schema":{"@context":"https:\/\/schema.org","@graph":[{"@type":"WebPage","@id":"https:\/\/vvit.eu\/en\/izdelek\/varnostne-kopije-podatkov-v-oblak\/","url":"https:\/\/vvit.eu\/en\/izdelek\/varnostne-kopije-podatkov-v-oblak\/","name":"Varnostne kopije podatkov v oblak - VVit","isPartOf":{"@id":"https:\/\/vvit.eu\/en\/#website"},"datePublished":"2019-09-20T13:28:53+00:00","dateModified":"2019-09-25T14:55:46+00:00","breadcrumb":{"@id":"https:\/\/vvit.eu\/en\/izdelek\/varnostne-kopije-podatkov-v-oblak\/#breadcrumb"},"inLanguage":"en-US","potentialAction":[{"@type":"ReadAction","target":["https:\/\/vvit.eu\/en\/izdelek\/varnostne-kopije-podatkov-v-oblak\/"]}]},{"@type":"BreadcrumbList","@id":"https:\/\/vvit.eu\/en\/izdelek\/varnostne-kopije-podatkov-v-oblak\/#breadcrumb","itemListElement":[{"@type":"ListItem","position":1,"name":"Home","item":"https:\/\/vvit.eu\/en\/"},{"@type":"ListItem","position":2,"name":"Trgovina","item":"https:\/\/vvit.eu\/trgovina\/"},{"@type":"ListItem","position":3,"name":"Varnostne kopije podatkov v oblak"}]},{"@type":"WebSite","@id":"https:\/\/vvit.eu\/en\/#website","url":"https:\/\/vvit.eu\/en\/","name":"VVit","description":"We do IT!","publisher":{"@id":"https:\/\/vvit.eu\/en\/#organization"},"potentialAction":[{"@type":"SearchAction","target":{"@type":"EntryPoint","urlTemplate":"https:\/\/vvit.eu\/en\/?s={search_term_string}"},"query-input":"required name=search_term_string"}],"inLanguage":"en-US"},{"@type":"Organization","@id":"https:\/\/vvit.eu\/en\/#organization","name":"VVit, Robert Er\u017een s.p.","url":"https:\/\/vvit.eu\/en\/","logo":{"@type":"ImageObject","inLanguage":"en-US","@id":"https:\/\/vvit.eu\/en\/#\/schema\/logo\/image\/","url":"https:\/\/vvit.eu\/wp-content\/uploads\/logo-final.png","contentUrl":"https:\/\/vvit.eu\/wp-content\/uploads\/logo-final.png","width":500,"height":365,"caption":"VVit, Robert Er\u017een s.p."},"image":{"@id":"https:\/\/vvit.eu\/en\/#\/schema\/logo\/image\/"},"sameAs":["https:\/\/www.facebook.com\/vvit.eu\/","https:\/\/twitter.com\/vvit_eu","https:\/\/www.instagram.com\/vvit.eu\/"]}]}},"tiered_pricing_type":"fixed","tiered_pricing_fixed_rules":[],"tiered_pricing_product_settings":{"layout":"default","base_unit_name":{"singular":null,"plural":null},"default_variation":null},"tiered_pricing_minimum_quantity":null,"tiered_pricing_roles_data":[],"tiered_pricing_percentage_rules":[],"_links":{"self":[{"href":"https:\/\/vvit.eu\/en\/wp-json\/wp\/v2\/product\/815"}],"collection":[{"href":"https:\/\/vvit.eu\/en\/wp-json\/wp\/v2\/product"}],"about":[{"href":"https:\/\/vvit.eu\/en\/wp-json\/wp\/v2\/types\/product"}],"wp:featuredmedia":[{"embeddable":true,"href":"https:\/\/vvit.eu\/en\/wp-json\/wp\/v2\/media\/911"}],"wp:attachment":[{"href":"https:\/\/vvit.eu\/en\/wp-json\/wp\/v2\/media?parent=815"}],"wp:term":[{"taxonomy":"product_cat","embeddable":true,"href":"https:\/\/vvit.eu\/en\/wp-json\/wp\/v2\/product_cat?post=815"},{"taxonomy":"product_tag","embeddable":true,"href":"https:\/\/vvit.eu\/en\/wp-json\/wp\/v2\/product_tag?post=815"}],"curies":[{"name":"wp","href":"https:\/\/api.w.org\/{rel}","templated":true}]}}